{"id":235,"date":"2024-04-24T20:37:54","date_gmt":"2024-04-24T20:37:54","guid":{"rendered":"https:\/\/maschinen.cl\/?page_id=235"},"modified":"2024-04-24T21:30:18","modified_gmt":"2024-04-24T21:30:18","slug":"tornillos","status":"publish","type":"page","link":"https:\/\/maschinen.cl\/index.php\/tornillos\/","title":{"rendered":"Tornillos Transportadores y Clasificadores"},"content":{"rendered":"<div class=\"wpb-content-wrapper\"><p>[vc_row][vc_column][vc_text_separator title=\u00bbTornillos Transportadores\u00bb][\/vc_column][\/vc_row][vc_row][vc_column width=\u00bb1\/2&#8243;][vc_column_text]La principal finalidad de los tornillos transportadores es el transporte de s\u00f3lidos en las plantas de tratamiento de aguas residuales. De este modo, todos los s\u00f3lidos procedentes del desbaste y del desarenado son f\u00e1cilmente transportados y evacuados.<span class=\"Apple-converted-space\">\u00a0<\/span><\/p>\n<p class=\"p1\">La concepci\u00f3n y el dise\u00f1o de los tornillos transportadores QUILTON se basa en una\u00a0<b>espiral sin eje central, muy robusta y construida en acero de fuerte espesor<\/b>. En algunas aplicaciones se suplementa la secci\u00f3n de la espiral para aumentar la robustez de \u00e9sta y su capacidad de transporte. Cuentan adem\u00e1s con un moto-reductor que trabaja a bajas revoluciones.<span class=\"Apple-converted-space\">\u00a0<\/span><\/p>\n<p class=\"p1\">Los tornillos transportadores sin n\u00facleo QUILTON, sustituyen a las cintas transportadoras convencionales por su seguridad de funcionamiento y limpieza.<\/p>\n<p>[\/vc_column_text][\/vc_column][vc_column width=\u00bb1\/2&#8243;][vc_single_image image=\u00bb240&#8243; img_size=\u00bb400x400px\u00bb][\/vc_column][\/vc_row][vc_row][vc_column][vc_text_separator title=\u00bbTornillo Transportador Compactador\u00bb][\/vc_column][\/vc_row][vc_row][vc_column width=\u00bb1\/2&#8243;][vc_single_image image=\u00bb244&#8243; img_size=\u00bb400x400px\u00bb][\/vc_column][vc_column width=\u00bb1\/2&#8243;][vc_column_text]<\/p>\n<div class=\"col-sm-12 col-md-6 entradilla\">\n<p class=\"p1\">El tornillo transportador compactador QUILTON transporta, compacta, deshidrata y descarga en una sola operaci\u00f3n s\u00f3lidos retenidos y separados por el tamizado en las estaciones depuradoras de aguas residuales o en los procesos industriales.<span class=\"Apple-converted-space\">\u00a0<\/span><\/p>\n<\/div>\n<div class=\"col-sm-12 col-md-6\">\n<p class=\"p1\">El ajuste de la longitud de la espiral y de la presi\u00f3n ejercida por la clapeta de salida permite regular el compactado en la zona de prensado, por lo que las variaciones en la alimentaci\u00f3n no influyen en el resultado de la compactaci\u00f3n. El volumen de s\u00f3lidos se reduce entre un 35% y un 40% respecto al contenido inicial.<span class=\"Apple-converted-space\">\u00a0<\/span><\/p>\n<\/div>\n<p>[\/vc_column_text][\/vc_column][\/vc_row][vc_row][vc_column][vc_text_separator title=\u00bbClasificador de Arenas\u00bb][\/vc_column][\/vc_row][vc_row][vc_column width=\u00bb1\/2&#8243;][vc_column_text]<\/p>\n<div class=\"col-sm-12 col-md-6 entradilla\">\n<p class=\"p1\">El desarenado tiene por objeto eliminar las materias pesadas como arenas, gravas, part\u00edculas minerales y otros elementos de origen org\u00e1nico de granulometr\u00eda superior a 200 micras del agua. Mediante el proceso de desarenado se evita que se produzcan sedimentos<b>\u00a0<\/b>en los canales y conducciones, con el fin de proteger las bombas y otros aparatos contra la abrasi\u00f3n y evitar sobrecargas en las fases siguientes del tratamiento.<\/p>\n<\/div>\n<div class=\"col-sm-12 col-md-6\">\n<p class=\"p1\">El clasificador de arenas QUILTON permite\u00a0<b>separar las arenas y s\u00f3lidos pesados<\/b>\u00a0de la mezcla de arena y agua bombeada a la salida de los desarenadores de las plantas de tratamiento y depuraci\u00f3n de aguas residuales.<\/p>\n<\/div>\n<p>[\/vc_column_text][\/vc_column][vc_column width=\u00bb1\/2&#8243;][vc_single_image image=\u00bb246&#8243; img_size=\u00bb400x400px\u00bb][\/vc_column][\/vc_row]<\/p>\n<\/div>","protected":false},"excerpt":{"rendered":"<p>[vc_row][vc_column][vc_text_separator title=\u00bbTornillos Transportadores\u00bb][\/vc_column][\/vc_row][vc_row][vc_column width=\u00bb1\/2&#8243;][vc_column_text]La principal finalidad de los tornillos transportadores es el transporte de s\u00f3lidos en las plantas de tratamiento de aguas residuales. De este modo, todos los s\u00f3lidos procedentes del desbaste y del desarenado son f\u00e1cilmente transportados y evacuados.\u00a0 La concepci\u00f3n y el dise\u00f1o de los tornillos transportadores QUILTON se basa en una\u00a0espiral sin &hellip; <\/p>\n<p class=\"link-more\"><a href=\"https:\/\/maschinen.cl\/index.php\/tornillos\/\" class=\"more-link\">Leer m\u00e1s<span class=\"screen-reader-text\"> \u00abTornillos Transportadores y Clasificadores\u00bb<\/span><\/a><\/p>\n","protected":false},"author":1,"featured_media":41,"parent":0,"menu_order":0,"comment_status":"closed","ping_status":"closed","template":"","meta":{"footnotes":""},"class_list":["post-235","page","type-page","status-publish","has-post-thumbnail","hentry"],"_links":{"self":[{"href":"https:\/\/maschinen.cl\/index.php\/wp-json\/wp\/v2\/pages\/235","targetHints":{"allow":["GET"]}}],"collection":[{"href":"https:\/\/maschinen.cl\/index.php\/wp-json\/wp\/v2\/pages"}],"about":[{"href":"https:\/\/maschinen.cl\/index.php\/wp-json\/wp\/v2\/types\/page"}],"author":[{"embeddable":true,"href":"https:\/\/maschinen.cl\/index.php\/wp-json\/wp\/v2\/users\/1"}],"replies":[{"embeddable":true,"href":"https:\/\/maschinen.cl\/index.php\/wp-json\/wp\/v2\/comments?post=235"}],"version-history":[{"count":6,"href":"https:\/\/maschinen.cl\/index.php\/wp-json\/wp\/v2\/pages\/235\/revisions"}],"predecessor-version":[{"id":247,"href":"https:\/\/maschinen.cl\/index.php\/wp-json\/wp\/v2\/pages\/235\/revisions\/247"}],"wp:featuredmedia":[{"embeddable":true,"href":"https:\/\/maschinen.cl\/index.php\/wp-json\/wp\/v2\/media\/41"}],"wp:attachment":[{"href":"https:\/\/maschinen.cl\/index.php\/wp-json\/wp\/v2\/media?parent=235"}],"curies":[{"name":"wp","href":"https:\/\/api.w.org\/{rel}","templated":true}]}}